{"id":558,"date":"2010-10-20T21:52:58","date_gmt":"2010-10-20T20:52:58","guid":{"rendered":"https:\/\/www.elmundodelasemociones.es\/Weblog\/?page_id=558"},"modified":"2013-10-09T22:34:29","modified_gmt":"2013-10-09T21:34:29","slug":"publicaciones","status":"publish","type":"page","link":"https:\/\/www.elmundodelasemociones.es\/Weblog\/publicaciones\/","title":{"rendered":"Publicaciones"},"content":{"rendered":"<p><span style=\"color: #663366; font-size: 16px;\"><b>Libro El mundo de las emociones<\/b><\/span><\/p>\n<p>Manual pr\u00e1ctico, con ejercicios, para desarrollar por ti mismo la inteligencia emocional en 4 pasos pr\u00e1cticos y sencillos.<\/p>\n<p><img loading=\"lazy\" decoding=\"async\" class=\"aligncenter size-full wp-image-1896\" title=\"El mundo de las emociones\" alt=\"El mundo de las emociones\" src=\"https:\/\/www.elmundodelasemociones.es\/Weblog\/wp-content\/uploads\/2013\/10\/emociones.png\" width=\"300\" height=\"432\" srcset=\"https:\/\/www.elmundodelasemociones.es\/Weblog\/wp-content\/uploads\/2013\/10\/emociones.png 300w, https:\/\/www.elmundodelasemociones.es\/Weblog\/wp-content\/uploads\/2013\/10\/emociones-208x300.png 208w\" sizes=\"auto, (max-width: 300px) 100vw, 300px\" \/><\/p>\n<form action=\"https:\/\/www.paypal.com\/cgi-bin\/webscr\" method=\"post\" target=\"_top\"><input type=\"hidden\" name=\"cmd\" value=\"_s-xclick\" \/><input type=\"hidden\" name=\"hosted_button_id\" value=\"7RWGH4LZD8QF6\" \/><input type=\"image\" alt=\"PayPal. La forma r\u00e1pida y segura de pagar en Internet.\" name=\"submit\" src=\"https:\/\/www.paypalobjects.com\/es_ES\/ES\/i\/btn\/btn_buynow_LG.gif\" \/><br \/>\n<img loading=\"lazy\" decoding=\"async\" alt=\"\" src=\"https:\/\/www.paypalobjects.com\/es_ES\/i\/scr\/pixel.gif\" width=\"1\" height=\"1\" border=\"0\" \/><\/form>\n<p>El mundo de las emociones es la primera gu\u00eda f\u00e1cil para desarrollar por uno mismo la inteligencia emocional.<\/p>\n<p>La autora que afirma que \u201csi quieres, puedes\u201d te propone una serie de pasos y ejercicios pr\u00e1cticos para tomar consciencia de tus emociones y utilizarlas en tu beneficio.<\/p>\n<p>La clave est\u00e1 en practicar m\u00e1s el S.P.A: Sentir + Pensar + Actuar. El 80% de las personas, \u201cexisten\u201d, el resto \u201cvive\u201d, vivir es un lujo que t\u00fa tambi\u00e9n te puedes permitir: \u201csiente lo que vives.\u201d<\/p>\n<p><span style=\"color: #663366; font-size: 16px;\"><b>Algunos comentarios:<\/b><\/span><\/p>\n<p><em>\u201cDe verdad que tu libro de IE fue una explosi\u00f3n en mi YO interno. Te agradezco muy sinceramente porque de verdad me hiciste hacer conciencia de muchas cosas.\u201d<\/em><\/p>\n<p><em>\u201cMuchas gracias Maryam. Ha sido todo un lujo compartir este proceso contigo. Me has ayudado mucho a conocerme mejor.\u201d<\/em><\/p>\n<p><em>\u201cA m\u00ed este libro me ha supuesto un cambio, no s\u00e9 en que sentido, pero creo que algo ha cambiado en mi interior.\u201d<\/em><\/p>\n<p><em>\u201cT\u00fa me has abierto los ojos; bueno, mas bien la mente, a un nuevo mundo con el que siempre coquete\u00e9 pero t\u00fa me has empujado a conocerme m\u00e1s a fondo.\u201d<\/em><\/p>\n<p><em>\u201cTe escribo para agradecerte sobre todo tu humanidad y tu empat\u00eda. \u00bfC\u00f3mo logras entender a las personas tan profundamente? Adem\u00e1s de los 20 a\u00f1os de estudio, creo que hay m\u00e1s.\u201d<\/em><\/p>\n<p><em>\u201cGRACIAS, much\u00edsimas GRACIAS por darme respuesta a acontecimientos del pasado, comportamientos que me hac\u00edan dudar sobre qu\u00e9 personalidad ten\u00eda&#8230; Ahora me siento m\u00e1s perceptivo ante ciertas situaciones, sobre todo, personales.\u201d<\/em><\/p>\n<p><span style=\"color: #663366; font-size: 16px;\"><b>PASI\u00d3N<\/b><\/span><\/p>\n<p>Te guiar\u00e1 a hacer an\u00e1lisis completo de su vida y un diagn\u00f3stico de c\u00f3mo la est\u00e1 viviendo. Har\u00e1s tu propia catarsis y encontrar\u00e1s todas las herramientas para hacer los cambios que necesites para vivir la vida en ON.<\/p>\n<p><img loading=\"lazy\" decoding=\"async\" class=\"aligncenter size-full wp-image-1899\" title=\"Pasi\u00f3n\" alt=\"Pasi\u00f3n\" src=\"https:\/\/www.elmundodelasemociones.es\/Weblog\/wp-content\/uploads\/2013\/10\/pasion.png\" width=\"300\" height=\"432\" srcset=\"https:\/\/www.elmundodelasemociones.es\/Weblog\/wp-content\/uploads\/2013\/10\/pasion.png 300w, https:\/\/www.elmundodelasemociones.es\/Weblog\/wp-content\/uploads\/2013\/10\/pasion-208x300.png 208w\" sizes=\"auto, (max-width: 300px) 100vw, 300px\" \/><\/p>\n<form action=\"https:\/\/www.paypal.com\/cgi-bin\/webscr\" method=\"post\" target=\"_top\"><input type=\"hidden\" name=\"cmd\" value=\"_s-xclick\" \/><input type=\"hidden\" name=\"hosted_button_id\" value=\"D86KJ3KK3WQCG\" \/><input type=\"image\" alt=\"PayPal. La forma r\u00e1pida y segura de pagar en Internet.\" name=\"submit\" src=\"https:\/\/www.paypalobjects.com\/es_ES\/ES\/i\/btn\/btn_buynow_LG.gif\" \/><br \/>\n<img loading=\"lazy\" decoding=\"async\" alt=\"\" src=\"https:\/\/www.paypalobjects.com\/es_ES\/i\/scr\/pixel.gif\" width=\"1\" height=\"1\" border=\"0\" \/><\/form>\n<p><span style=\"color: #663366; font-size: 16px;\"><b>Algunos comentarios:<\/b><\/span><\/p>\n<p><em>&#8220;Tu libro PASI\u00d3N, me ha parecido una aut\u00e9ntica delicia, felicidades!&#8221;<\/em><\/p>\n<p><em>&#8220;Mil gracias Maryam; decirte que estoy enganchada a tu libro&#8230; eres t\u00fa!!! me da ganas de responderte cuando lo estoy leyendo como lo hacemos siempre&#8230;&#8221;<\/em><\/p>\n<p><em>&#8220;Tu libro es bueno, muy bueno. Lo que mas me gusta es que es sincero, no es como otros libros que quiz\u00e1s bajo mi punto de vista llevan un mont\u00f3n de florituras hasta llegar al c\u00f3mo, me gusta porque vas al grano, expones la teor\u00eda, remueves el interior de uno, invitas de forma constante a la reflexi\u00f3n y cuando ya est\u00e1s pregunt\u00e1ndote vale soy as\u00ed \u00bfy ahora que hago? R\u00e1pidamente expones el c\u00f3mo hacerlo. Me encanta porque me da la sensaci\u00f3n que a medida que vas leyendo se va generando una pelota caliente y cuando crees que te vas a quemar te relajas porque la temperatura va disminuyendo. Es fant\u00e1stico.&#8221;<\/em><\/p>\n<p><em>&#8220;No puedo hacer m\u00e1s que felicitarte. De todas las charlas que te escuch\u00e9, la de ayer fue la mejor. Estabas totalmente inspirada y creo que fue en la que mayor conexi\u00f3n lograste con la gente. Jugaba a tu favor que era p\u00fablico conocido y que te quiere, pero como los grandes artistas te pusiste el mundo por montera y triunfaste.&#8221;<\/em><\/p>\n<p><span style=\"color: #663366; font-size: 16px;\"><b>Coaching Hoy:<br \/>\nTeor\u00eda general del coaching<\/b><\/span><\/p>\n<p>Editorial Centro de Estudios Ram\u00f3n Areces, S.A.<br \/>\nAutor: varios<\/p>\n<p><img loading=\"lazy\" decoding=\"async\" class=\"aligncenter size-full wp-image-579\" title=\"Coaching Hoy\" alt=\"\" src=\"https:\/\/www.elmundodelasemociones.es\/Weblog\/wp-content\/uploads\/2010\/10\/libro_coaching.jpg\" width=\"300\" height=\"437\" srcset=\"https:\/\/www.elmundodelasemociones.es\/Weblog\/wp-content\/uploads\/2010\/10\/libro_coaching.jpg 300w, https:\/\/www.elmundodelasemociones.es\/Weblog\/wp-content\/uploads\/2010\/10\/libro_coaching-205x300.jpg 205w\" sizes=\"auto, (max-width: 300px) 100vw, 300px\" \/><\/p>\n<p>Contagia entusiasmo por la profesi\u00f3n de coaches.<\/p>\n<p>Obra clave para la formaci\u00f3n de los nuevos entrenadores.<\/p>\n<p>Autores con la m\u00e1s amplia experiencia en el ejercicio de esta profesi\u00f3n.<\/p>\n<p>Coaches, expertos y profesores universitarios a\u00fanan doctrina y pr\u00e1ctica.<\/p>\n<p>H\u00e1bil transmisi\u00f3n de un mensaje claro y objetivo.<\/p>\n<p>Instructivo, encontrar\u00e1 casi todo lo que busque.<\/p>\n<p>No impone ning\u00fan punto de vista.<\/p>\n<p>Gu\u00eda de consulta para quienes ya ejercen esta nueva-antigua profesi\u00f3n.<\/p>\n<p><strong>Cap\u00edtulo III. Life coaching<\/strong><\/p>\n<p><span style=\"color: #663366;\">&#8211; Autor: Maryam Varela<br \/>\n<\/span><span style=\"color: #000000;\">&#8211; Otros<\/span><\/p>\n<p><span style=\"color: #663366;\">&#8211; Concepto y evoluci\u00f3n<br \/>\n&#8211; Concepto y definiciones<br \/>\n&#8211; Tipolog\u00eda del life coaching<br \/>\n&#8211; Las fronteras del life coaching<br \/>\n&#8211; Las patolog\u00edas<br \/>\n&#8211; Los comportamientos<br \/>\n&#8211; El coaching ejecutivo<br \/>\n&#8211; Otras fronteras<br \/>\n&#8211; El coach en el life coaching<br \/>\n&#8211; El life coach<br \/>\n&#8211; Posiciones del life coaching<br \/>\n&#8211; Especial estudio de las competencias del life coach<\/span><br \/>\n&#8211; Principales modelos del life coaching<br \/>\n&#8211; El modelo anglosaj\u00f3n: Pragm\u00e1tico<br \/>\n&#8211; El modelo sudamericano: Ontol\u00f3gico<br \/>\n&#8211; El modelo europeo: Humanista<br \/>\n&#8211; Principales herramientas del life coaching<br \/>\n&#8211; Diversos ejercicios<br \/>\n<span style=\"color: #663366;\">&#8211; El proceso del life coaching<br \/>\n&#8211; Evoluci\u00f3n<br \/>\n&#8211; El proceso<br \/>\n&#8211; Los objetivos<\/span><\/p>\n","protected":false},"excerpt":{"rendered":"<p>Libro El mundo de las emociones Manual pr\u00e1ctico, con ejercicios, para desarrollar por ti mismo la inteligencia emocional en 4 pasos pr\u00e1cticos y sencillos. El mundo de las emociones es la primera gu\u00eda f\u00e1cil para desarrollar por uno mismo la inteligencia emocional. La autora que afirma que \u201csi quieres, puedes\u201d te propone una serie de [&hellip;]<\/p>\n","protected":false},"author":1,"featured_media":0,"parent":0,"menu_order":3,"comment_status":"open","ping_status":"open","template":"","meta":{"footnotes":""},"class_list":["post-558","page","type-page","status-publish","hentry"],"yoast_head":"<!-- This site is optimized with the Yoast SEO plugin v27.3 - https:\/\/yoast.com\/product\/yoast-seo-wordpress\/ -->\n<title>Publicaciones - El mundo de las emociones<\/title>\n<meta name=\"robots\" content=\"index, follow, max-snippet:-1, max-image-preview:large, max-video-preview:-1\" \/>\n<link rel=\"canonical\" href=\"https:\/\/www.elmundodelasemociones.es\/Weblog\/publicaciones\/\" \/>\n<meta property=\"og:locale\" content=\"es_ES\" \/>\n<meta property=\"og:type\" content=\"article\" \/>\n<meta property=\"og:title\" content=\"Publicaciones - El mundo de las emociones\" \/>\n<meta property=\"og:description\" content=\"Libro El mundo de las emociones Manual pr\u00e1ctico, con ejercicios, para desarrollar por ti mismo la inteligencia emocional en 4 pasos pr\u00e1cticos y sencillos. El mundo de las emociones es la primera gu\u00eda f\u00e1cil para desarrollar por uno mismo la inteligencia emocional. La autora que afirma que \u201csi quieres, puedes\u201d te propone una serie de [&hellip;]\" \/>\n<meta property=\"og:url\" content=\"https:\/\/www.elmundodelasemociones.es\/Weblog\/publicaciones\/\" \/>\n<meta property=\"og:site_name\" content=\"El mundo de las emociones\" \/>\n<meta property=\"article:modified_time\" content=\"2013-10-09T21:34:29+00:00\" \/>\n<meta property=\"og:image\" content=\"https:\/\/www.elmundodelasemociones.es\/Weblog\/wp-content\/uploads\/2013\/10\/emociones.png\" \/>\n<meta name=\"twitter:label1\" content=\"Tiempo de lectura\" \/>\n\t<meta name=\"twitter:data1\" content=\"4 minutos\" \/>\n<script type=\"application\/ld+json\" class=\"yoast-schema-graph\">{\"@context\":\"https:\\\/\\\/schema.org\",\"@graph\":[{\"@type\":\"WebPage\",\"@id\":\"https:\\\/\\\/www.elmundodelasemociones.es\\\/Weblog\\\/publicaciones\\\/\",\"url\":\"https:\\\/\\\/www.elmundodelasemociones.es\\\/Weblog\\\/publicaciones\\\/\",\"name\":\"Publicaciones - El mundo de las emociones\",\"isPartOf\":{\"@id\":\"https:\\\/\\\/www.elmundodelasemociones.es\\\/Weblog\\\/#website\"},\"primaryImageOfPage\":{\"@id\":\"https:\\\/\\\/www.elmundodelasemociones.es\\\/Weblog\\\/publicaciones\\\/#primaryimage\"},\"image\":{\"@id\":\"https:\\\/\\\/www.elmundodelasemociones.es\\\/Weblog\\\/publicaciones\\\/#primaryimage\"},\"thumbnailUrl\":\"https:\\\/\\\/www.elmundodelasemociones.es\\\/Weblog\\\/wp-content\\\/uploads\\\/2013\\\/10\\\/emociones.png\",\"datePublished\":\"2010-10-20T20:52:58+00:00\",\"dateModified\":\"2013-10-09T21:34:29+00:00\",\"breadcrumb\":{\"@id\":\"https:\\\/\\\/www.elmundodelasemociones.es\\\/Weblog\\\/publicaciones\\\/#breadcrumb\"},\"inLanguage\":\"es\",\"potentialAction\":[{\"@type\":\"ReadAction\",\"target\":[\"https:\\\/\\\/www.elmundodelasemociones.es\\\/Weblog\\\/publicaciones\\\/\"]}]},{\"@type\":\"ImageObject\",\"inLanguage\":\"es\",\"@id\":\"https:\\\/\\\/www.elmundodelasemociones.es\\\/Weblog\\\/publicaciones\\\/#primaryimage\",\"url\":\"https:\\\/\\\/www.elmundodelasemociones.es\\\/Weblog\\\/wp-content\\\/uploads\\\/2013\\\/10\\\/emociones.png\",\"contentUrl\":\"https:\\\/\\\/www.elmundodelasemociones.es\\\/Weblog\\\/wp-content\\\/uploads\\\/2013\\\/10\\\/emociones.png\",\"width\":300,\"height\":432,\"caption\":\"El mundo de las emociones\"},{\"@type\":\"BreadcrumbList\",\"@id\":\"https:\\\/\\\/www.elmundodelasemociones.es\\\/Weblog\\\/publicaciones\\\/#breadcrumb\",\"itemListElement\":[{\"@type\":\"ListItem\",\"position\":1,\"name\":\"Portada\",\"item\":\"https:\\\/\\\/www.elmundodelasemociones.es\\\/Weblog\\\/\"},{\"@type\":\"ListItem\",\"position\":2,\"name\":\"Publicaciones\"}]},{\"@type\":\"WebSite\",\"@id\":\"https:\\\/\\\/www.elmundodelasemociones.es\\\/Weblog\\\/#website\",\"url\":\"https:\\\/\\\/www.elmundodelasemociones.es\\\/Weblog\\\/\",\"name\":\"El mundo de las emociones\",\"description\":\"El blog de &quot;el mundo de las emociones&quot;\",\"potentialAction\":[{\"@type\":\"SearchAction\",\"target\":{\"@type\":\"EntryPoint\",\"urlTemplate\":\"https:\\\/\\\/www.elmundodelasemociones.es\\\/Weblog\\\/?s={search_term_string}\"},\"query-input\":{\"@type\":\"PropertyValueSpecification\",\"valueRequired\":true,\"valueName\":\"search_term_string\"}}],\"inLanguage\":\"es\"}]}<\/script>\n<!-- \/ Yoast SEO plugin. -->","yoast_head_json":{"title":"Publicaciones - El mundo de las emociones","robots":{"index":"index","follow":"follow","max-snippet":"max-snippet:-1","max-image-preview":"max-image-preview:large","max-video-preview":"max-video-preview:-1"},"canonical":"https:\/\/www.elmundodelasemociones.es\/Weblog\/publicaciones\/","og_locale":"es_ES","og_type":"article","og_title":"Publicaciones - El mundo de las emociones","og_description":"Libro El mundo de las emociones Manual pr\u00e1ctico, con ejercicios, para desarrollar por ti mismo la inteligencia emocional en 4 pasos pr\u00e1cticos y sencillos. El mundo de las emociones es la primera gu\u00eda f\u00e1cil para desarrollar por uno mismo la inteligencia emocional. La autora que afirma que \u201csi quieres, puedes\u201d te propone una serie de [&hellip;]","og_url":"https:\/\/www.elmundodelasemociones.es\/Weblog\/publicaciones\/","og_site_name":"El mundo de las emociones","article_modified_time":"2013-10-09T21:34:29+00:00","og_image":[{"url":"https:\/\/www.elmundodelasemociones.es\/Weblog\/wp-content\/uploads\/2013\/10\/emociones.png","type":"","width":"","height":""}],"twitter_misc":{"Tiempo de lectura":"4 minutos"},"schema":{"@context":"https:\/\/schema.org","@graph":[{"@type":"WebPage","@id":"https:\/\/www.elmundodelasemociones.es\/Weblog\/publicaciones\/","url":"https:\/\/www.elmundodelasemociones.es\/Weblog\/publicaciones\/","name":"Publicaciones - El mundo de las emociones","isPartOf":{"@id":"https:\/\/www.elmundodelasemociones.es\/Weblog\/#website"},"primaryImageOfPage":{"@id":"https:\/\/www.elmundodelasemociones.es\/Weblog\/publicaciones\/#primaryimage"},"image":{"@id":"https:\/\/www.elmundodelasemociones.es\/Weblog\/publicaciones\/#primaryimage"},"thumbnailUrl":"https:\/\/www.elmundodelasemociones.es\/Weblog\/wp-content\/uploads\/2013\/10\/emociones.png","datePublished":"2010-10-20T20:52:58+00:00","dateModified":"2013-10-09T21:34:29+00:00","breadcrumb":{"@id":"https:\/\/www.elmundodelasemociones.es\/Weblog\/publicaciones\/#breadcrumb"},"inLanguage":"es","potentialAction":[{"@type":"ReadAction","target":["https:\/\/www.elmundodelasemociones.es\/Weblog\/publicaciones\/"]}]},{"@type":"ImageObject","inLanguage":"es","@id":"https:\/\/www.elmundodelasemociones.es\/Weblog\/publicaciones\/#primaryimage","url":"https:\/\/www.elmundodelasemociones.es\/Weblog\/wp-content\/uploads\/2013\/10\/emociones.png","contentUrl":"https:\/\/www.elmundodelasemociones.es\/Weblog\/wp-content\/uploads\/2013\/10\/emociones.png","width":300,"height":432,"caption":"El mundo de las emociones"},{"@type":"BreadcrumbList","@id":"https:\/\/www.elmundodelasemociones.es\/Weblog\/publicaciones\/#breadcrumb","itemListElement":[{"@type":"ListItem","position":1,"name":"Portada","item":"https:\/\/www.elmundodelasemociones.es\/Weblog\/"},{"@type":"ListItem","position":2,"name":"Publicaciones"}]},{"@type":"WebSite","@id":"https:\/\/www.elmundodelasemociones.es\/Weblog\/#website","url":"https:\/\/www.elmundodelasemociones.es\/Weblog\/","name":"El mundo de las emociones","description":"El blog de &quot;el mundo de las emociones&quot;","potentialAction":[{"@type":"SearchAction","target":{"@type":"EntryPoint","urlTemplate":"https:\/\/www.elmundodelasemociones.es\/Weblog\/?s={search_term_string}"},"query-input":{"@type":"PropertyValueSpecification","valueRequired":true,"valueName":"search_term_string"}}],"inLanguage":"es"}]}},"jetpack_sharing_enabled":true,"jetpack_shortlink":"https:\/\/wp.me\/P82iJT-90","_links":{"self":[{"href":"https:\/\/www.elmundodelasemociones.es\/Weblog\/wp-json\/wp\/v2\/pages\/558","targetHints":{"allow":["GET"]}}],"collection":[{"href":"https:\/\/www.elmundodelasemociones.es\/Weblog\/wp-json\/wp\/v2\/pages"}],"about":[{"href":"https:\/\/www.elmundodelasemociones.es\/Weblog\/wp-json\/wp\/v2\/types\/page"}],"author":[{"embeddable":true,"href":"https:\/\/www.elmundodelasemociones.es\/Weblog\/wp-json\/wp\/v2\/users\/1"}],"replies":[{"embeddable":true,"href":"https:\/\/www.elmundodelasemociones.es\/Weblog\/wp-json\/wp\/v2\/comments?post=558"}],"version-history":[{"count":0,"href":"https:\/\/www.elmundodelasemociones.es\/Weblog\/wp-json\/wp\/v2\/pages\/558\/revisions"}],"wp:attachment":[{"href":"https:\/\/www.elmundodelasemociones.es\/Weblog\/wp-json\/wp\/v2\/media?parent=558"}],"curies":[{"name":"wp","href":"https:\/\/api.w.org\/{rel}","templated":true}]}}