{"id":1063,"date":"2011-09-20T20:39:33","date_gmt":"2011-09-20T19:39:33","guid":{"rendered":"https:\/\/www.elmundodelasemociones.es\/Weblog\/?page_id=1063"},"modified":"2011-12-19T23:56:37","modified_gmt":"2011-12-19T22:56:37","slug":"comunicacion-digital","status":"publish","type":"page","link":"https:\/\/www.elmundodelasemociones.es\/Weblog\/comunicacion-digital\/","title":{"rendered":"Comunicaci\u00f3n Digital"},"content":{"rendered":"<p><strong>Comunicarse con la generaci\u00f3n Net:<br \/>\n<\/strong><strong>comunicaci\u00f3n digital<\/strong><\/p>\n<p>\u00bfCu\u00e1ntos se han planteado que su forma de comunicaci\u00f3n quiz\u00e1s no se adapta a la nueva generaci\u00f3n de la era digital, a la Generaci\u00f3n Net, acu\u00f1ada por <strong>Don Tapscott<\/strong> en su libro <strong><em>\u201cCreciendo en un entorno digital\u201d<\/em>,<\/strong> a los nacidos desde 1981, que demandan formas distintas de vida y sobre todo una verdadera revoluci\u00f3n laboral? Pero <strong>\u00bfQui\u00e9nes son la generaci\u00f3n net?<\/strong> Los que est\u00e1n dirigiendo la revoluci\u00f3n digital en el escenario de network. Los que crecieron junto a la computadora desde la infancia y tienen literalidad digital. Los j\u00f3venes actuales, muy creativos y menos estereotipados. <strong>La Generaci\u00f3n Net es una de las m\u00e1s preparadas de los \u00faltimos tiempos.<\/strong> La generaci\u00f3n acostumbrada al flujo acelerado de la informaci\u00f3n.<\/p>\n<p>Quiz\u00e1s todav\u00eda muchos est\u00e1is planteando como meterles por el aro, como conseguir que se adapten a las normas, pero piensa \u00bfpara qu\u00e9? Si <strong>las normas, las formas de entender las jerarqu\u00edas, el poder, el liderazgo se han quedado obsoletos.<\/strong> Si est\u00e1 generaci\u00f3n va a dominar el siglo XXI. Te guste o no.<\/p>\n<p><strong>Qu\u00e9 tal si empezamos a plantearnos como comunicarnos con ellos, como entenderles, como aprender a tratarlos para no quedarnos fuera<\/strong> de este cambio de civilizaci\u00f3n en el que est\u00e1 metido el mundo, en esta \u00e9poca que va a una velocidad sin precedentes, a la que hemos de subirnos si queremos seguir estando ah\u00ed.<\/p>\n<p><strong>\u00bfRealmente se comunican de forma diferente?<\/strong><\/p>\n<p><strong>SI. Manejan <em>&#8220;otros lenguajes&#8221;<\/em>; es decir, otros conceptos.<\/strong> De alguna manera ellos est\u00e1n exigiendo el cambio y el desarrollo social de otras generaciones: prefieren usar los programas de mensajer\u00eda m\u00e1s r\u00e1pidos.<\/p>\n<p><strong>Se comunican rec\u00edprocamente, no unilateralmente.<\/strong> Es decir que no se conforman con mirar una pantalla, ellos en todo quiere poder participar de una forma activa, como se han acostumbrado a hacer en Internet. No te olvides que ellos se mueven magistralmente en la red. Lo mismo ocurre a la hora de aprender, ellos aprenden mejor si se les hace participar activamente. Se comunican de forma horizontal, dan poco valor a las jerarqu\u00edas y no admiten actuar a su merced: no piden permiso, informan. Buscan ser tratados con autenticidad y como iguales, porque adem\u00e1s son conscientes que el que hoy tiene el poder es el que tiene acceso al conocimiento, y ellos lo tienen. <strong>Se comunican sin problemas a trav\u00e9s de las redes sociales \u00bfy t\u00fa?<\/strong><\/p>\n<p>Se comunican utilizando los medios electr\u00f3nicos a su alcance: videoconferencias, c\u00e1maras Web, correos de voz y otros recursos electr\u00f3nicos. <strong>Adem\u00e1s son multitarea, est\u00e1n acostumbrados a trabajar y a realizar varias tareas de forma simult\u00e1nea,<\/strong> siempre tienen abiertas varias ventanas de trabajo al mismo tiempo: <strong>funcionan dentro del modelo JUST-IN- TIME.<\/strong><\/p>\n<p>Se comunican abierta y directamente, quieren que sus jefes sean siempre transparentes, que no caigan en el exceso de diplomacia, que vayan directamente al grano, como se hace en la Web. No quieren o\u00edr hablar de marcas, lo j\u00f3venes actuales con lo que se identifican con proyectos, <strong>trabajan para desarrollarse personal y profesionalmente.<\/strong><\/p>\n<p>Si quieres llegar a ellos, has de empezar acercarte, aprender sus c\u00f3digos y sus valores para poder tener armon\u00eda, sino sin darte cuenta te habr\u00e1s quedado fuera de mercado. <strong>Recuerda, su valor fundamental es la libertad, por eso dan tanta importancia a la autonom\u00eda y a la autenticidad.<\/strong><\/p>\n<p>En definitiva, <strong>HACEN LO QUE QUIEREN, CUANDO QUIEREN Y COMO QUIEREN.<\/strong> Ellos van a ser el futuro, van a ser el cliente interno y externo, \u00bfcrees que puedes seguir rechazando sus necesidades?:<\/p>\n<p>&#8220;Nosotros, los adultos, no entendemos que el mundo ha cambiado. Los j\u00f3venes de hoy d\u00eda nos retan porque tienen el poder para retarnos. El poder viene del acceso continuo que ellos tienen a la informaci\u00f3n y el conocimiento. La tecnolog\u00eda, el Internet, el Cable TV y el mundo globalizado les da un poder a los j\u00f3venes de hoy d\u00eda que no exist\u00eda antes. Hoy d\u00eda, un ni\u00f1o de 15 a\u00f1os sabe muchas m\u00e1s cosas de lo que sab\u00eda un &#8216;baby-boomer&#8217; a los 30 a\u00f1os. <strong>La generaci\u00f3n &#8220;Y&#8221; est\u00e1 en posici\u00f3n de retar, no por indisciplina, sino porque se ha criado con un conocimiento que le da poder&#8221;, <\/strong>manifest\u00f3 <strong>Julio A. Fonseca<\/strong><\/p>\n<p>Ahora bien, si cada profesional sigue metido en la caja de las premisas de su generaci\u00f3n, no hay nada que hacer, pues as\u00ed nunca nos entenderemos. Tanto unos como otros debemos al menos poner ojos y o\u00eddos a nuestras cajas para poder ver el mundo con la perspectiva del otro, para poder salir de nuestro campo de influencia y entender el mundo con el prisma de la otra generaci\u00f3n, se trata de estar en sinton\u00eda, de estar presente en el mundo que nos ha tocado vivir, no s\u00f3lo de cuerpo sino tambi\u00e9n de mente. Se trata de ver con ojos nuevos: <strong>\u00a1Curiosea como un ni\u00f1o, siempre puedes aprender cosas nuevas!<\/strong><\/p>\n","protected":false},"excerpt":{"rendered":"<p>Comunicarse con la generaci\u00f3n Net: comunicaci\u00f3n digital \u00bfCu\u00e1ntos se han planteado que su forma de comunicaci\u00f3n quiz\u00e1s no se adapta a la nueva generaci\u00f3n de la era digital, a la Generaci\u00f3n Net, acu\u00f1ada por Don Tapscott en su libro \u201cCreciendo en un entorno digital\u201d, a los nacidos desde 1981, que demandan formas distintas de vida [&hellip;]<\/p>\n","protected":false},"author":1,"featured_media":0,"parent":0,"menu_order":4,"comment_status":"open","ping_status":"open","template":"","meta":{"footnotes":""},"class_list":["post-1063","page","type-page","status-publish","hentry"],"yoast_head":"<!-- This site is optimized with the Yoast SEO plugin v27.5 - https:\/\/yoast.com\/product\/yoast-seo-wordpress\/ -->\n<title>Comunicaci\u00f3n Digital - El mundo de las emociones<\/title>\n<meta name=\"robots\" content=\"index, follow, max-snippet:-1, max-image-preview:large, max-video-preview:-1\" \/>\n<link rel=\"canonical\" href=\"https:\/\/www.elmundodelasemociones.es\/Weblog\/comunicacion-digital\/\" \/>\n<meta property=\"og:locale\" content=\"es_ES\" \/>\n<meta property=\"og:type\" content=\"article\" \/>\n<meta property=\"og:title\" content=\"Comunicaci\u00f3n Digital - El mundo de las emociones\" \/>\n<meta property=\"og:description\" content=\"Comunicarse con la generaci\u00f3n Net: comunicaci\u00f3n digital \u00bfCu\u00e1ntos se han planteado que su forma de comunicaci\u00f3n quiz\u00e1s no se adapta a la nueva generaci\u00f3n de la era digital, a la Generaci\u00f3n Net, acu\u00f1ada por Don Tapscott en su libro \u201cCreciendo en un entorno digital\u201d, a los nacidos desde 1981, que demandan formas distintas de vida [&hellip;]\" \/>\n<meta property=\"og:url\" content=\"https:\/\/www.elmundodelasemociones.es\/Weblog\/comunicacion-digital\/\" \/>\n<meta property=\"og:site_name\" content=\"El mundo de las emociones\" \/>\n<meta property=\"article:modified_time\" content=\"2011-12-19T22:56:37+00:00\" \/>\n<meta name=\"twitter:label1\" content=\"Tiempo de lectura\" \/>\n\t<meta name=\"twitter:data1\" content=\"4 minutos\" \/>\n<script type=\"application\/ld+json\" class=\"yoast-schema-graph\">{\"@context\":\"https:\\\/\\\/schema.org\",\"@graph\":[{\"@type\":\"WebPage\",\"@id\":\"https:\\\/\\\/www.elmundodelasemociones.es\\\/Weblog\\\/comunicacion-digital\\\/\",\"url\":\"https:\\\/\\\/www.elmundodelasemociones.es\\\/Weblog\\\/comunicacion-digital\\\/\",\"name\":\"Comunicaci\u00f3n Digital - El mundo de las emociones\",\"isPartOf\":{\"@id\":\"https:\\\/\\\/www.elmundodelasemociones.es\\\/Weblog\\\/#website\"},\"datePublished\":\"2011-09-20T19:39:33+00:00\",\"dateModified\":\"2011-12-19T22:56:37+00:00\",\"breadcrumb\":{\"@id\":\"https:\\\/\\\/www.elmundodelasemociones.es\\\/Weblog\\\/comunicacion-digital\\\/#breadcrumb\"},\"inLanguage\":\"es\",\"potentialAction\":[{\"@type\":\"ReadAction\",\"target\":[\"https:\\\/\\\/www.elmundodelasemociones.es\\\/Weblog\\\/comunicacion-digital\\\/\"]}]},{\"@type\":\"BreadcrumbList\",\"@id\":\"https:\\\/\\\/www.elmundodelasemociones.es\\\/Weblog\\\/comunicacion-digital\\\/#breadcrumb\",\"itemListElement\":[{\"@type\":\"ListItem\",\"position\":1,\"name\":\"Portada\",\"item\":\"https:\\\/\\\/www.elmundodelasemociones.es\\\/Weblog\\\/\"},{\"@type\":\"ListItem\",\"position\":2,\"name\":\"Comunicaci\u00f3n Digital\"}]},{\"@type\":\"WebSite\",\"@id\":\"https:\\\/\\\/www.elmundodelasemociones.es\\\/Weblog\\\/#website\",\"url\":\"https:\\\/\\\/www.elmundodelasemociones.es\\\/Weblog\\\/\",\"name\":\"El mundo de las emociones\",\"description\":\"El blog de &quot;el mundo de las emociones&quot;\",\"potentialAction\":[{\"@type\":\"SearchAction\",\"target\":{\"@type\":\"EntryPoint\",\"urlTemplate\":\"https:\\\/\\\/www.elmundodelasemociones.es\\\/Weblog\\\/?s={search_term_string}\"},\"query-input\":{\"@type\":\"PropertyValueSpecification\",\"valueRequired\":true,\"valueName\":\"search_term_string\"}}],\"inLanguage\":\"es\"}]}<\/script>\n<!-- \/ Yoast SEO plugin. -->","yoast_head_json":{"title":"Comunicaci\u00f3n Digital - El mundo de las emociones","robots":{"index":"index","follow":"follow","max-snippet":"max-snippet:-1","max-image-preview":"max-image-preview:large","max-video-preview":"max-video-preview:-1"},"canonical":"https:\/\/www.elmundodelasemociones.es\/Weblog\/comunicacion-digital\/","og_locale":"es_ES","og_type":"article","og_title":"Comunicaci\u00f3n Digital - El mundo de las emociones","og_description":"Comunicarse con la generaci\u00f3n Net: comunicaci\u00f3n digital \u00bfCu\u00e1ntos se han planteado que su forma de comunicaci\u00f3n quiz\u00e1s no se adapta a la nueva generaci\u00f3n de la era digital, a la Generaci\u00f3n Net, acu\u00f1ada por Don Tapscott en su libro \u201cCreciendo en un entorno digital\u201d, a los nacidos desde 1981, que demandan formas distintas de vida [&hellip;]","og_url":"https:\/\/www.elmundodelasemociones.es\/Weblog\/comunicacion-digital\/","og_site_name":"El mundo de las emociones","article_modified_time":"2011-12-19T22:56:37+00:00","twitter_misc":{"Tiempo de lectura":"4 minutos"},"schema":{"@context":"https:\/\/schema.org","@graph":[{"@type":"WebPage","@id":"https:\/\/www.elmundodelasemociones.es\/Weblog\/comunicacion-digital\/","url":"https:\/\/www.elmundodelasemociones.es\/Weblog\/comunicacion-digital\/","name":"Comunicaci\u00f3n Digital - El mundo de las emociones","isPartOf":{"@id":"https:\/\/www.elmundodelasemociones.es\/Weblog\/#website"},"datePublished":"2011-09-20T19:39:33+00:00","dateModified":"2011-12-19T22:56:37+00:00","breadcrumb":{"@id":"https:\/\/www.elmundodelasemociones.es\/Weblog\/comunicacion-digital\/#breadcrumb"},"inLanguage":"es","potentialAction":[{"@type":"ReadAction","target":["https:\/\/www.elmundodelasemociones.es\/Weblog\/comunicacion-digital\/"]}]},{"@type":"BreadcrumbList","@id":"https:\/\/www.elmundodelasemociones.es\/Weblog\/comunicacion-digital\/#breadcrumb","itemListElement":[{"@type":"ListItem","position":1,"name":"Portada","item":"https:\/\/www.elmundodelasemociones.es\/Weblog\/"},{"@type":"ListItem","position":2,"name":"Comunicaci\u00f3n Digital"}]},{"@type":"WebSite","@id":"https:\/\/www.elmundodelasemociones.es\/Weblog\/#website","url":"https:\/\/www.elmundodelasemociones.es\/Weblog\/","name":"El mundo de las emociones","description":"El blog de &quot;el mundo de las emociones&quot;","potentialAction":[{"@type":"SearchAction","target":{"@type":"EntryPoint","urlTemplate":"https:\/\/www.elmundodelasemociones.es\/Weblog\/?s={search_term_string}"},"query-input":{"@type":"PropertyValueSpecification","valueRequired":true,"valueName":"search_term_string"}}],"inLanguage":"es"}]}},"jetpack_sharing_enabled":true,"jetpack_shortlink":"https:\/\/wp.me\/P82iJT-h9","_links":{"self":[{"href":"https:\/\/www.elmundodelasemociones.es\/Weblog\/wp-json\/wp\/v2\/pages\/1063","targetHints":{"allow":["GET"]}}],"collection":[{"href":"https:\/\/www.elmundodelasemociones.es\/Weblog\/wp-json\/wp\/v2\/pages"}],"about":[{"href":"https:\/\/www.elmundodelasemociones.es\/Weblog\/wp-json\/wp\/v2\/types\/page"}],"author":[{"embeddable":true,"href":"https:\/\/www.elmundodelasemociones.es\/Weblog\/wp-json\/wp\/v2\/users\/1"}],"replies":[{"embeddable":true,"href":"https:\/\/www.elmundodelasemociones.es\/Weblog\/wp-json\/wp\/v2\/comments?post=1063"}],"version-history":[{"count":0,"href":"https:\/\/www.elmundodelasemociones.es\/Weblog\/wp-json\/wp\/v2\/pages\/1063\/revisions"}],"wp:attachment":[{"href":"https:\/\/www.elmundodelasemociones.es\/Weblog\/wp-json\/wp\/v2\/media?parent=1063"}],"curies":[{"name":"wp","href":"https:\/\/api.w.org\/{rel}","templated":true}]}}